{"id":8,"date":"2019-05-21T19:05:41","date_gmt":"2019-05-21T17:05:41","guid":{"rendered":"http:\/\/sophrooburo.fr\/?page_id=8"},"modified":"2019-05-21T19:13:40","modified_gmt":"2019-05-21T17:13:40","slug":"a-propos-de","status":"publish","type":"page","link":"https:\/\/sophrooburo.fr\/?page_id=8","title":{"rendered":"\u00c0 propos de"},"content":{"rendered":"<div class=\"_2cuy _3dgx _2vxa\">A 9 ans, j\u2019ai perdu mon meilleur ami d\u2019une leuc\u00e9mie et je crois qu\u2019\u00e0 ce moment-l\u00e0 le process de la \u201csauveuse\u201d s\u2019est enclench\u00e9.<br \/>\nAu lyc\u00e9e, \u00e0 l\u2019internat, j\u2019\u00e9tais la confidente et la conseill\u00e8re des jeunes filles et de leur chagrin d\u2019amour et j\u2019aimais bien cela.<\/div>\n<div class=\"_2cuy _3dgx _2vxa\">\nPuis je suis tomb\u00e9e amoureuse, j\u2019ai voulu \u00eatre journaliste pour d\u00e9noncer les injustices dans le monde. Finalement, apr\u00e8s mon droit et un cursus de Sciences Politiques, j\u2019ai bifurqu\u00e9 en Sociologie pour \u00e9tudier le comportement des humains. Oui c\u2019est \u00e7a, les gens m\u2019ont toujours int\u00e9ress\u00e9e.<\/div>\n<div class=\"_2cuy _3dgx _2vxa\">Le digital est pass\u00e9 par l\u00e0, il y avait tout \u00e0 d\u00e9couvrir, alors j\u2019ai d\u00e9frich\u00e9 avec d\u2019autres, j\u2019ai vite transmis mes connaissances \u00e0 la demande de mes entreprises. J\u2019ai fait de la communication, du marketing, du lobbying, du management, de la formation. La hi\u00e9rarchie me trouvait trop bienveillante avec mes \u00e9quipes, pourtant nous avions les meilleurs r\u00e9sultats. Alors je me suis form\u00e9e pour mieux partir de mon entreprise et accompagner les salari\u00e9s, les expatri\u00e9s, les chefs d\u2019entreprise et les particuliers depuis \u201cl\u2019ext\u00e9rieur\u2019. Devenir un \u201c\u00eatre humain\u201d plut\u00f4t qu\u2019un \u201cfaire humain\u201d.<\/div>\n<div class=\"_2cuy _3dgx _2vxa\">Des \u00e9v\u00e8nements de vie m\u2019ont aussi forc\u00e9e \u00e0 faire un profond travail sur moi-m\u00eame pour toujours mieux aider : fian\u00e7ailles rompues, mariage, divorce, harc\u00e8lement moral professionnel, Burn Out. Ouh l\u00e0 l\u00e0, \u00e9crit comme \u00e7a, cela fait beaucoup mais on s\u2019en sort <span class=\"_47e3 _5mfr\" title=\"\u00e9motic\u00f4ne wink\"><img loading=\"lazy\" class=\"img\" role=\"presentation\" src=\"https:\/\/static.xx.fbcdn.net\/images\/emoji.php\/v9\/td9\/1\/18\/1f609.png\" alt=\"\" width=\"18\" height=\"18\" \/><span class=\"_7oe\" aria-hidden=\"true\">\ud83d\ude09<\/span><\/span><\/div>\n<div class=\"_2cuy _3dgx _2vxa\">J\u2019ai gard\u00e9 mon humour et j\u2019ai arr\u00eat\u00e9 d\u2019\u00eatre une sauveuse pour des gens qui ne le voulaient pas. J\u2019ai appris la sophrologie, la programmation neurolinguistique, le coaching, la psychologie positive ou encore le reiki, pas pour entasser des certifications mais bien parce que je crois fondamentalement en une approche pluridisciplinaire pour am\u00e9liorer la vie de chacun au-del\u00e0 des exp\u00e9riences de vie qui nous nourrissent.<\/div>\n<div class=\"_2cuy _3dgx _2vxa\">En restant une \u00e9ternelle apprenante, je reste jeune dans ma t\u00eate, en alerte sur les nouvelles avanc\u00e9es de la recherche en neurosciences afin de remettre de l\u2019humain au coeur de l\u2019entreprise et aussi, afin que chaque particulier r\u00e9harmonise, son corps et son coeur avec sa t\u00eate.<\/div>\n<div><\/div>\n<div class=\"_2cuy _3dgx _2vxa\">Alors je suis qui ? R\u00e9veilleuse de talents, Coach, Formatrice,&#8230;, je suis un \u00eatre humain qui vous accompagne dans votre d\u00e9veloppement professionnel et le meilleur de vous-m\u00eame pour rebondir ou vous trouver.<\/div>\n<p>.<\/p>\n","protected":false},"excerpt":{"rendered":"<div class=\"slide-text-bg2\"><span>A 9 ans, j\u2019ai perdu mon meilleur ami d\u2019une leuc\u00e9mie et je crois qu\u2019\u00e0 ce moment-l\u00e0 le process de la \u201csauveuse\u201d s\u2019est enclench\u00e9. Au lyc\u00e9e, ?<\/span><\/div>\n<div class=\"slide-btn-area-sm\"><a href=\"https:\/\/sophrooburo.fr\/?page_id=8\" class=\"slide-btn-sm\">Lire la suite<\/a><\/div>\n","protected":false},"author":1,"featured_media":5,"parent":0,"menu_order":0,"comment_status":"closed","ping_status":"closed","template":"","meta":[],"_links":{"self":[{"href":"https:\/\/sophrooburo.fr\/index.php?rest_route=\/wp\/v2\/pages\/8"}],"collection":[{"href":"https:\/\/sophrooburo.fr\/index.php?rest_route=\/wp\/v2\/pages"}],"about":[{"href":"https:\/\/sophrooburo.fr\/index.php?rest_route=\/wp\/v2\/types\/page"}],"author":[{"embeddable":true,"href":"https:\/\/sophrooburo.fr\/index.php?rest_route=\/wp\/v2\/users\/1"}],"replies":[{"embeddable":true,"href":"https:\/\/sophrooburo.fr\/index.php?rest_route=%2Fwp%2Fv2%2Fcomments&post=8"}],"version-history":[{"count":2,"href":"https:\/\/sophrooburo.fr\/index.php?rest_route=\/wp\/v2\/pages\/8\/revisions"}],"predecessor-version":[{"id":33,"href":"https:\/\/sophrooburo.fr\/index.php?rest_route=\/wp\/v2\/pages\/8\/revisions\/33"}],"wp:featuredmedia":[{"embeddable":true,"href":"https:\/\/sophrooburo.fr\/index.php?rest_route=\/wp\/v2\/media\/5"}],"wp:attachment":[{"href":"https:\/\/sophrooburo.fr\/index.php?rest_route=%2Fwp%2Fv2%2Fmedia&parent=8"}],"curies":[{"name":"wp","href":"https:\/\/api.w.org\/{rel}","templated":true}]}}